{"id":2,"date":"2022-01-26T13:34:59","date_gmt":"2022-01-26T13:34:59","guid":{"rendered":"http:\/\/hsdevelopment.sk\/?page_id=2"},"modified":"2022-02-04T09:27:33","modified_gmt":"2022-02-04T09:27:33","slug":"sample-page","status":"publish","type":"page","link":"https:\/\/hsdevelopment.sk\/?page_id=2","title":{"rendered":"Lokalita"},"content":{"rendered":"\n<p><strong>Strategick\u00e1 poloha<\/strong><\/p>\n\n\n\n<ul class=\"wp-block-list\"><li>Pri U.S. Steel s.r.o.,<\/li><li>Letisko Ko\u0161ice &#8211; 12km<\/li><li>Ko\u0161ice centrum &#8211; 18km<\/li><li>Smer Ko\u0161ice \u2013 Milhos\u0165 &#8211; Ma\u010farsko nap\u00e1ja\u010d na R4 13km<\/li><li>pl\u00e1novan\u00fd \u00fasek R2 Moldava nad Bodvou \u2013 Ko\u0161ice, \u0160aca<\/li><\/ul>\n\n\n\n<style id=\"bwg-style-0\">    #bwg_container1_0 #bwg_container2_0 .bwg-container-0.bwg-standard-thumbnails {      width: 2004px;              justify-content: center;        margin:0 auto !important;              background-color: rgba(255, 255, 255, 0.00);            padding-left: 4px;      padding-top: 4px;      max-width: 100%;            }        #bwg_container1_0 #bwg_container2_0 .bwg-container-0.bwg-standard-thumbnails .bwg-item {      justify-content: flex-start;      max-width: 400px;          }    #bwg_container1_0 #bwg_container2_0 .bwg-container-0.bwg-standard-thumbnails .bwg-item > a {       margin-right: 4px;       margin-bottom: 4px;    }    #bwg_container1_0 #bwg_container2_0 .bwg-container-0.bwg-standard-thumbnails .bwg-item0 {      padding: 0px;            background-color:rgba(0,0,0, 0.30);      border: 0px none #CCCCCC;      opacity: 1.00;      border-radius: 0;      box-shadow: ;    }    #bwg_container1_0 #bwg_container2_0 .bwg-container-0.bwg-standard-thumbnails .bwg-item1 img {      max-height: none;      max-width: none;      padding: 0 !important;    }         @media only screen and (min-width: 480px) {\t\t#bwg_container1_0 #bwg_container2_0 .bwg-container-0.bwg-standard-thumbnails .bwg-item1 img {\t\t\t-webkit-transition: all .3s; transition: all .3s;\t\t}\t\t#bwg_container1_0 #bwg_container2_0 .bwg-container-0.bwg-standard-thumbnails .bwg-item1 img:hover {\t\t\t-ms-transform: scale(1.08);\t\t\t-webkit-transform: scale(1.08);\t\t\ttransform: scale(1.08);\t\t}\t\t      }\t    #bwg_container1_0 #bwg_container2_0 .bwg-container-0.bwg-standard-thumbnails .bwg-item1 {      padding-top: 75%;    }        #bwg_container1_0 #bwg_container2_0 .bwg-container-0.bwg-standard-thumbnails .bwg-title2,    #bwg_container1_0 #bwg_container2_0 .bwg-container-0.bwg-standard-thumbnails .bwg-ecommerce2 {      color: #323A45;      font-family: Ubuntu;      font-size: 16px;      font-weight: bold;      padding: 2px;      text-shadow: ;      max-height: 100%;    }    #bwg_container1_0 #bwg_container2_0 .bwg-container-0.bwg-standard-thumbnails .bwg-thumb-description span {    color: #323A45;    font-family: Ubuntu;    font-size: 12px;    max-height: 100%;    word-wrap: break-word;    }    #bwg_container1_0 #bwg_container2_0 .bwg-container-0.bwg-standard-thumbnails .bwg-play-icon2 {      font-size: 32px;    }    #bwg_container1_0 #bwg_container2_0 .bwg-container-0.bwg-standard-thumbnails .bwg-ecommerce2 {      font-size: 19.2px;      color: #323A45;    }    <\/style>    <div id=\"bwg_container1_0\"         class=\"bwg_container bwg_thumbnail bwg_thumbnails\"         data-right-click-protection=\"0\"         data-bwg=\"0\"         data-gallery-type=\"thumbnails\"         data-current-url=\"https:\/\/hsdevelopment.sk\/index.php?rest_route=%2Fwp%2Fv2%2Fpages%2F2\"         data-lightbox-url=\"https:\/\/hsdevelopment.sk\/wp-admin\/admin-ajax.php?action=GalleryBox&#038;current_view=0&#038;gallery_id=2&#038;tag=0&#038;theme_id=1&#038;shortcode_id=3&#038;sort_by=order&#038;order_by=asc&#038;current_url=https%3A%2F%2Fhsdevelopment.sk%2Findex.php%3Frest_route%3D%252Fwp%252Fv2%252Fpages%252F2\"         data-gallery-id=\"2\"         data-popup-width=\"800\"         data-popup-height=\"500\"         data-is-album=\"gallery\"         data-buttons-position=\"bottom\">      <div id=\"bwg_container2_0\">             <div id=\"ajax_loading_0\" class=\"bwg_loading_div_1\">      <div class=\"bwg_loading_div_2\">        <div class=\"bwg_loading_div_3\">          <div id=\"loading_div_0\" class=\"bwg_spider_ajax_loading\">          <\/div>        <\/div>      <\/div>    <\/div>            <form id=\"gal_front_form_0\"              class=\"bwg-hidden\"              method=\"post\"              action=\"#\"              data-current=\"0\"              data-shortcode-id=\"3\"              data-gallery-type=\"thumbnails\"              data-gallery-id=\"2\"              data-tag=\"0\"              data-album-id=\"0\"              data-theme-id=\"1\"              data-ajax-url=\"https:\/\/hsdevelopment.sk\/wp-admin\/admin-ajax.php?action=bwg_frontend_data\">          <div id=\"bwg_container3_0\" class=\"bwg-background bwg-background-0\">                <div data-max-count=\"5\"         data-thumbnail-width=\"400\"         data-bwg=\"0\"         data-gallery-id=\"2\"         data-lightbox-url=\"https:\/\/hsdevelopment.sk\/wp-admin\/admin-ajax.php?action=GalleryBox&amp;current_view=0&amp;gallery_id=2&amp;tag=0&amp;theme_id=1&amp;shortcode_id=3&amp;sort_by=order&amp;order_by=asc&amp;current_url=https%3A%2F%2Fhsdevelopment.sk%2Findex.php%3Frest_route%3D%252Fwp%252Fv2%252Fpages%252F2\"         id=\"bwg_thumbnails_0\"         class=\"bwg-container-0 bwg-thumbnails bwg-standard-thumbnails bwg-container bwg-border-box\">            <div class=\"bwg-item\">        <a class=\"bwg-a bwg_lightbox\"  data-image-id=\"11\" href=\"https:\/\/hsdevelopment.sk\/wp-content\/uploads\/photo-gallery\/imported_from_media_libray\/01c.jpg?bwg=1643900107\" data-elementor-open-lightbox=\"no\" >                <div class=\"bwg-item0 \">          <div class=\"bwg-item1 \">            <div class=\"bwg-item2\">              <img decoding=\"async\" class=\"skip-lazy bwg_standart_thumb_img_0 \"                   data-id=\"11\"                   data-width=\"500\"                   data-height=\"183\"                   data-src=\"https:\/\/hsdevelopment.sk\/wp-content\/uploads\/photo-gallery\/imported_from_media_libray\/thumb\/01c.jpg?bwg=1643900107\"                   src=\"https:\/\/hsdevelopment.sk\/wp-content\/uploads\/photo-gallery\/imported_from_media_libray\/thumb\/01c.jpg?bwg=1643900107\"                   alt=\"01c\" \/>            <\/div>            <div class=\"\">                                                      <\/div>          <\/div>        <\/div>                        <\/a>              <\/div>            <div class=\"bwg-item\">        <a class=\"bwg-a bwg_lightbox\"  data-image-id=\"10\" href=\"https:\/\/hsdevelopment.sk\/wp-content\/uploads\/photo-gallery\/imported_from_media_libray\/Image-1.jpg?bwg=1643900107\" data-elementor-open-lightbox=\"no\" >                <div class=\"bwg-item0 \">          <div class=\"bwg-item1 \">            <div class=\"bwg-item2\">              <img decoding=\"async\" class=\"skip-lazy bwg_standart_thumb_img_0 \"                   data-id=\"10\"                   data-width=\"500\"                   data-height=\"286\"                   data-src=\"https:\/\/hsdevelopment.sk\/wp-content\/uploads\/photo-gallery\/imported_from_media_libray\/thumb\/Image-1.jpg?bwg=1643900107\"                   src=\"https:\/\/hsdevelopment.sk\/wp-content\/uploads\/photo-gallery\/imported_from_media_libray\/thumb\/Image-1.jpg?bwg=1643900107\"                   alt=\"Image 1\" \/>            <\/div>            <div class=\"\">                                                      <\/div>          <\/div>        <\/div>                        <\/a>              <\/div>          <\/div>              <\/div>        <\/form>          <style>          #bwg_container1_0 #bwg_container2_0 #spider_popup_overlay_0 {          background-color: #EEEEEE;          opacity: 0.60;          }          <\/style>        <div id=\"bwg_spider_popup_loading_0\" class=\"bwg_spider_popup_loading\"><\/div>        <div id=\"spider_popup_overlay_0\" class=\"spider_popup_overlay\" onclick=\"spider_destroypopup(1000)\"><\/div>        <input type=\"hidden\" id=\"bwg_random_seed_0\" value=\"1449287400\">                <\/div>    <\/div>    <script>      if (document.readyState === 'complete') {        if( typeof bwg_main_ready == 'function' ) {          if ( jQuery(\"#bwg_container1_0\").height() ) {            bwg_main_ready(jQuery(\"#bwg_container1_0\"));          }        }      } else {        document.addEventListener('DOMContentLoaded', function() {          if( typeof bwg_main_ready == 'function' ) {            if ( jQuery(\"#bwg_container1_0\").height() ) {             bwg_main_ready(jQuery(\"#bwg_container1_0\"));            }          }        });      }    <\/script>    \n\n\n\n<p class=\"has-text-align-center\">V minulosti bolo vydan\u00e9 stavebn\u00e9 povolenie na realiz\u00e1ciu hospod\u00e1rskeho dvora, existuj\u00fa podklady, ktor\u00e9 s\u00fa k nahliadnutiu, v ktor\u00fdch bolo rie\u0161en\u00e9 pl\u00e1novan\u00e9 odkanalizovanie do \u010cOV a n\u00e1sledne do recipientu, bol pl\u00e1novan\u00fd odber plynu a pitnej vody.<\/p>\n\n\n\n<p class=\"has-text-align-center\"><br>V s\u00fa\u010dasnosti je are\u00e1l v prev\u00e1dzke a je z \u010dasti prenaj\u00edman\u00fd.<\/p>\n","protected":false},"excerpt":{"rendered":"<p>Strategick\u00e1 poloha Pri U.S. Steel s.r.o., Letisko Ko\u0161ice &#8211; 12km Ko\u0161ice centrum &#8211; 18km Smer Ko\u0161ice \u2013 Milhos\u0165 &#8211; Ma\u010farsko nap\u00e1ja\u010d na R4 13km pl\u00e1novan\u00fd \u00fasek R2 Moldava nad Bodvou \u2013 Ko\u0161ice, \u0160aca V minulosti bolo vydan\u00e9 stavebn\u00e9 povolenie na realiz\u00e1ciu hospod\u00e1rskeho dvora, existuj\u00fa podklady, ktor\u00e9 s\u00fa k nahliadnutiu, v ktor\u00fdch bolo rie\u0161en\u00e9 pl\u00e1novan\u00e9 odkanalizovanie [&hellip;]<\/p>\n","protected":false},"author":1,"featured_media":210,"parent":0,"menu_order":0,"comment_status":"closed","ping_status":"open","template":"templates\/template-cover.php","meta":{"footnotes":""},"class_list":["post-2","page","type-page","status-publish","has-post-thumbnail","hentry"],"_links":{"self":[{"href":"https:\/\/hsdevelopment.sk\/index.php?rest_route=\/wp\/v2\/pages\/2","targetHints":{"allow":["GET"]}}],"collection":[{"href":"https:\/\/hsdevelopment.sk\/index.php?rest_route=\/wp\/v2\/pages"}],"about":[{"href":"https:\/\/hsdevelopment.sk\/index.php?rest_route=\/wp\/v2\/types\/page"}],"author":[{"embeddable":true,"href":"https:\/\/hsdevelopment.sk\/index.php?rest_route=\/wp\/v2\/users\/1"}],"replies":[{"embeddable":true,"href":"https:\/\/hsdevelopment.sk\/index.php?rest_route=%2Fwp%2Fv2%2Fcomments&post=2"}],"version-history":[{"count":16,"href":"https:\/\/hsdevelopment.sk\/index.php?rest_route=\/wp\/v2\/pages\/2\/revisions"}],"predecessor-version":[{"id":241,"href":"https:\/\/hsdevelopment.sk\/index.php?rest_route=\/wp\/v2\/pages\/2\/revisions\/241"}],"wp:featuredmedia":[{"embeddable":true,"href":"https:\/\/hsdevelopment.sk\/index.php?rest_route=\/wp\/v2\/media\/210"}],"wp:attachment":[{"href":"https:\/\/hsdevelopment.sk\/index.php?rest_route=%2Fwp%2Fv2%2Fmedia&parent=2"}],"curies":[{"name":"wp","href":"https:\/\/api.w.org\/{rel}","templated":true}]}}